{"id":6452,"date":"2015-10-10T16:48:26","date_gmt":"2015-10-10T16:48:26","guid":{"rendered":"https:\/\/epiboost.web.ua.pt\/index.php\/our-news\/"},"modified":"2023-01-15T12:56:16","modified_gmt":"2023-01-15T12:56:16","slug":"our-news","status":"publish","type":"page","link":"https:\/\/epiboost.web.ua.pt\/?page_id=6452","title":{"rendered":"NEWS"},"content":{"rendered":"<p>[vc_row][vc_column]\t\t<div class=\"grve-element grve-blog grve-blog-large grve-non-isotope\" style=\"\" >\r\n\t\t\t<div class=\"grve-standard-container\">\r\n\t\t\t<article id=\"post-14658\" class=\"grve-blog-item grve-big-post grve-non-isotope-item post-14658 post type-post status-publish format-standard hentry category-uncategorized\" itemscope itemType=\"http:\/\/schema.org\/BlogPosting\">\r\n\t\t\t\t<div class=\"grve-animated-item grve-zoomIn\" data-delay=\"200\">\r\n\t\t\t\t\t\t\t\t\t\t\t\t\t\t\t\t\t<div class=\"grve-post-content\">\r\n\t\t\t\t\t\t\t\t\t\t\t\t\t\t<ul class=\"grve-post-meta grve-small-text grve-list-divider\">\r\n\t\t\t\t\t\t\t\t\t\t<li class=\"grve-post-author\">\r\n\t\t\t<span>By: <\/span><span><a href=\"https:\/\/epiboost.web.ua.pt\/?author=5\" title=\"Posts by Epiboost-admin\" rel=\"author\">Epiboost-admin<\/a><\/span>\r\n\t\t<\/li>\r\n\t\t<li class=\"grve-post-date\">\r\n\t\t\t<time class=\"grve-post-date\" datetime=\"2025-04-13T11:28:47+00:00\">\r\n\t\t\t\tApril 13, 2025\t\t\t<\/time>\r\n\t\t<\/li>\r\n\t<li class=\"grve-post-comments\"><a href=\"https:\/\/epiboost.web.ua.pt\/?p=14658#commentform\"><i class=\"fa fa-comment-o\"><\/i> 0<\/a><\/li>\r\n\t\t\t\t\t\t\t<\/ul>\r\n\t\t\t\t\t\t\t\t\t\t\t\t\t\t<a href=\"https:\/\/epiboost.web.ua.pt\/?p=14658\" rel=\"bookmark\"><h2 class=\"grve-post-title grve-text-hover-primary-1 grve-h3\" itemprop=\"headline\">EPIBOOSTER Jo\u00e3o Raio at CSIC for 3 weeks of intense training<\/h2><\/a>\t\t\t\t\t\t\t\t\t<span class=\"grve-hidden\">\r\n\t\t\t<span class=\"grve-structured-data entry-title\">EPIBOOSTER Jo\u00e3o Raio at CSIC for 3 weeks of intense training<\/span>\r\n\t\t\t<span class=\"grve-structured-data\" itemprop=\"image\" itemscope itemtype=\"http:\/\/schema.org\/ImageObject\">\r\n\t\t\t   <span itemprop='url' >https:\/\/epiboost.web.ua.pt\/wp-content\/themes\/blade\/images\/empty\/thumbnail.jpg<\/span>\r\n\t\t\t   <span itemprop='height' >150<\/span>\r\n\t\t\t   <span itemprop='width' >150<\/span>\r\n\t\t\t<\/span>\r\n\t\t\t\t\t\t<span class=\"grve-structured-data vcard author\" itemprop=\"author\" itemscope itemtype=\"http:\/\/schema.org\/Person\">\r\n\t\t\t\t<span itemprop=\"name\" class=\"fn\">Epiboost-admin<\/span>\r\n\t\t\t<\/span>\r\n\t\t\t<span class=\"grve-structured-data\" itemprop=\"publisher\" itemscope itemtype=\"http:\/\/schema.org\/Organization\">\r\n\t\t\t\t<span itemprop='name'>Epiboost-admin<\/span>\r\n\t\t\t\t<span itemprop='logo' itemscope itemtype='http:\/\/schema.org\/ImageObject'>\r\n\t\t\t\t\t<span itemprop='url'>https:\/\/secure.gravatar.com\/avatar\/f8427e22a943e0e740828d059cd0612fdda18279146266fd824d3624c4e8c34f?s=96&#038;d=mm&#038;r=g<\/span>\r\n\t\t\t\t<\/span>\r\n\t\t\t<\/span>\r\n\t\t\t\t\t\t<time class=\"grve-structured-data date published\" itemprop=\"datePublished\" datetime=\"2025-04-13T11:28:47+00:00\">April 13, 2025<\/time>\r\n\t\t\t<time class=\"grve-structured-data date updated\" itemprop=\"dateModified\"  datetime=\"2025-04-14T16:41:54+00:00\">April 14, 2025<\/time>\r\n\t\t\t<span class=\"grve-structured-data\" itemprop=\"mainEntityOfPage\" itemscope itemtype=\"http:\/\/schema.org\/WebPage\" itemid=\"https:\/\/epiboost.web.ua.pt\/?p=14658\"><\/span>\r\n\t\t<\/span><!-- END grve-hidden -->\r\n\t\t\t\t\t\t\t\t<div itemprop=\"articleBody\"><p>Molecular endpoints following the seabass experiments Jo\u00e3o Raio, a MSc student supervised by Patr\u00edcia Pereira and Laia Navarro-Mart\u00edn was at IDAEA-CSIC from March 17th to April 11th 2025 to receive training regarding the assessment of&hellip;<\/p><a class=\"grve-read-more grve-link-text\" href=\"https:\/\/epiboost.web.ua.pt\/?p=14658\"><span>read more<\/span><\/a><\/div>\t\t\t\t\t\t\t\t\t\t\t\t\t<\/div>\r\n\t\t\t\t\t\r\n\t\t\t\t<\/div>\t\t\t<\/article>\r\n\r\n\t\t\t<article id=\"post-14642\" class=\"grve-blog-item grve-big-post grve-non-isotope-item post-14642 post type-post status-publish format-standard hentry category-uncategorized\" itemscope itemType=\"http:\/\/schema.org\/BlogPosting\">\r\n\t\t\t\t<div class=\"grve-animated-item grve-zoomIn\" data-delay=\"200\">\r\n\t\t\t\t\t\t\t\t\t\t\t\t\t\t\t\t\t<div class=\"grve-post-content\">\r\n\t\t\t\t\t\t\t\t\t\t\t\t\t\t<ul class=\"grve-post-meta grve-small-text grve-list-divider\">\r\n\t\t\t\t\t\t\t\t\t\t<li class=\"grve-post-author\">\r\n\t\t\t<span>By: <\/span><span><a href=\"https:\/\/epiboost.web.ua.pt\/?author=5\" title=\"Posts by Epiboost-admin\" rel=\"author\">Epiboost-admin<\/a><\/span>\r\n\t\t<\/li>\r\n\t\t<li class=\"grve-post-date\">\r\n\t\t\t<time class=\"grve-post-date\" datetime=\"2025-04-08T16:01:52+00:00\">\r\n\t\t\t\tApril 8, 2025\t\t\t<\/time>\r\n\t\t<\/li>\r\n\t<li class=\"grve-post-comments\"><a href=\"https:\/\/epiboost.web.ua.pt\/?p=14642#commentform\"><i class=\"fa fa-comment-o\"><\/i> 0<\/a><\/li>\r\n\t\t\t\t\t\t\t<\/ul>\r\n\t\t\t\t\t\t\t\t\t\t\t\t\t\t<a href=\"https:\/\/epiboost.web.ua.pt\/?p=14642\" rel=\"bookmark\"><h2 class=\"grve-post-title grve-text-hover-primary-1 grve-h3\" itemprop=\"headline\">EPIBOOST Advanced Course 2025<\/h2><\/a>\t\t\t\t\t\t\t\t\t<span class=\"grve-hidden\">\r\n\t\t\t<span class=\"grve-structured-data entry-title\">EPIBOOST Advanced Course 2025<\/span>\r\n\t\t\t<span class=\"grve-structured-data\" itemprop=\"image\" itemscope itemtype=\"http:\/\/schema.org\/ImageObject\">\r\n\t\t\t   <span itemprop='url' >https:\/\/epiboost.web.ua.pt\/wp-content\/themes\/blade\/images\/empty\/thumbnail.jpg<\/span>\r\n\t\t\t   <span itemprop='height' >150<\/span>\r\n\t\t\t   <span itemprop='width' >150<\/span>\r\n\t\t\t<\/span>\r\n\t\t\t\t\t\t<span class=\"grve-structured-data vcard author\" itemprop=\"author\" itemscope itemtype=\"http:\/\/schema.org\/Person\">\r\n\t\t\t\t<span itemprop=\"name\" class=\"fn\">Epiboost-admin<\/span>\r\n\t\t\t<\/span>\r\n\t\t\t<span class=\"grve-structured-data\" itemprop=\"publisher\" itemscope itemtype=\"http:\/\/schema.org\/Organization\">\r\n\t\t\t\t<span itemprop='name'>Epiboost-admin<\/span>\r\n\t\t\t\t<span itemprop='logo' itemscope itemtype='http:\/\/schema.org\/ImageObject'>\r\n\t\t\t\t\t<span itemprop='url'>https:\/\/secure.gravatar.com\/avatar\/f8427e22a943e0e740828d059cd0612fdda18279146266fd824d3624c4e8c34f?s=96&#038;d=mm&#038;r=g<\/span>\r\n\t\t\t\t<\/span>\r\n\t\t\t<\/span>\r\n\t\t\t\t\t\t<time class=\"grve-structured-data date published\" itemprop=\"datePublished\" datetime=\"2025-04-08T16:01:52+00:00\">April 8, 2025<\/time>\r\n\t\t\t<time class=\"grve-structured-data date updated\" itemprop=\"dateModified\"  datetime=\"2025-04-08T16:02:00+00:00\">April 8, 2025<\/time>\r\n\t\t\t<span class=\"grve-structured-data\" itemprop=\"mainEntityOfPage\" itemscope itemtype=\"http:\/\/schema.org\/WebPage\" itemid=\"https:\/\/epiboost.web.ua.pt\/?p=14642\"><\/span>\r\n\t\t<\/span><!-- END grve-hidden -->\r\n\t\t\t\t\t\t\t\t<div itemprop=\"articleBody\"><p>The third edition of the \u201cEPIBOOST Advanced Course on Environmental epigenetics and risk assessment: challenges and perspectives\u201d took place a few weeks ago, on the last week of February and the first two weeks of&hellip;<\/p><a class=\"grve-read-more grve-link-text\" href=\"https:\/\/epiboost.web.ua.pt\/?p=14642\"><span>read more<\/span><\/a><\/div>\t\t\t\t\t\t\t\t\t\t\t\t\t<\/div>\r\n\t\t\t\t\t\r\n\t\t\t\t<\/div>\t\t\t<\/article>\r\n\r\n\t\t\t<article id=\"post-14594\" class=\"grve-blog-item grve-big-post grve-non-isotope-item post-14594 post type-post status-publish format-standard hentry category-uncategorized\" itemscope itemType=\"http:\/\/schema.org\/BlogPosting\">\r\n\t\t\t\t<div class=\"grve-animated-item grve-zoomIn\" data-delay=\"200\">\r\n\t\t\t\t\t\t\t\t\t\t\t\t\t\t\t\t\t<div class=\"grve-post-content\">\r\n\t\t\t\t\t\t\t\t\t\t\t\t\t\t<ul class=\"grve-post-meta grve-small-text grve-list-divider\">\r\n\t\t\t\t\t\t\t\t\t\t<li class=\"grve-post-author\">\r\n\t\t\t<span>By: <\/span><span><a href=\"https:\/\/epiboost.web.ua.pt\/?author=5\" title=\"Posts by Epiboost-admin\" rel=\"author\">Epiboost-admin<\/a><\/span>\r\n\t\t<\/li>\r\n\t\t<li class=\"grve-post-date\">\r\n\t\t\t<time class=\"grve-post-date\" datetime=\"2025-04-04T09:15:31+00:00\">\r\n\t\t\t\tApril 4, 2025\t\t\t<\/time>\r\n\t\t<\/li>\r\n\t<li class=\"grve-post-comments\"><a href=\"https:\/\/epiboost.web.ua.pt\/?p=14594#commentform\"><i class=\"fa fa-comment-o\"><\/i> 0<\/a><\/li>\r\n\t\t\t\t\t\t\t<\/ul>\r\n\t\t\t\t\t\t\t\t\t\t\t\t\t\t<a href=\"https:\/\/epiboost.web.ua.pt\/?p=14594\" rel=\"bookmark\"><h2 class=\"grve-post-title grve-text-hover-primary-1 grve-h3\" itemprop=\"headline\">UAVR exchange to UGENT<\/h2><\/a>\t\t\t\t\t\t\t\t\t<span class=\"grve-hidden\">\r\n\t\t\t<span class=\"grve-structured-data entry-title\">UAVR exchange to UGENT<\/span>\r\n\t\t\t<span class=\"grve-structured-data\" itemprop=\"image\" itemscope itemtype=\"http:\/\/schema.org\/ImageObject\">\r\n\t\t\t   <span itemprop='url' >https:\/\/epiboost.web.ua.pt\/wp-content\/themes\/blade\/images\/empty\/thumbnail.jpg<\/span>\r\n\t\t\t   <span itemprop='height' >150<\/span>\r\n\t\t\t   <span itemprop='width' >150<\/span>\r\n\t\t\t<\/span>\r\n\t\t\t\t\t\t<span class=\"grve-structured-data vcard author\" itemprop=\"author\" itemscope itemtype=\"http:\/\/schema.org\/Person\">\r\n\t\t\t\t<span itemprop=\"name\" class=\"fn\">Epiboost-admin<\/span>\r\n\t\t\t<\/span>\r\n\t\t\t<span class=\"grve-structured-data\" itemprop=\"publisher\" itemscope itemtype=\"http:\/\/schema.org\/Organization\">\r\n\t\t\t\t<span itemprop='name'>Epiboost-admin<\/span>\r\n\t\t\t\t<span itemprop='logo' itemscope itemtype='http:\/\/schema.org\/ImageObject'>\r\n\t\t\t\t\t<span itemprop='url'>https:\/\/secure.gravatar.com\/avatar\/f8427e22a943e0e740828d059cd0612fdda18279146266fd824d3624c4e8c34f?s=96&#038;d=mm&#038;r=g<\/span>\r\n\t\t\t\t<\/span>\r\n\t\t\t<\/span>\r\n\t\t\t\t\t\t<time class=\"grve-structured-data date published\" itemprop=\"datePublished\" datetime=\"2025-04-04T09:15:31+00:00\">April 4, 2025<\/time>\r\n\t\t\t<time class=\"grve-structured-data date updated\" itemprop=\"dateModified\"  datetime=\"2025-04-04T09:15:38+00:00\">April 4, 2025<\/time>\r\n\t\t\t<span class=\"grve-structured-data\" itemprop=\"mainEntityOfPage\" itemscope itemtype=\"http:\/\/schema.org\/WebPage\" itemid=\"https:\/\/epiboost.web.ua.pt\/?p=14594\"><\/span>\r\n\t\t<\/span><!-- END grve-hidden -->\r\n\t\t\t\t\t\t\t\t<div itemprop=\"articleBody\"><p>From the 3rd to the 14th of February 2025, the EPIBOOST early-career researchers Albano Pinto (PhD student) and Joana Santos, from CESAM-UAVR, and Rita Guimar\u00e3es, from IBIMED-UAVR, visited UGent to receive hands-on training in the&hellip;<\/p><a class=\"grve-read-more grve-link-text\" href=\"https:\/\/epiboost.web.ua.pt\/?p=14594\"><span>read more<\/span><\/a><\/div>\t\t\t\t\t\t\t\t\t\t\t\t\t<\/div>\r\n\t\t\t\t\t\r\n\t\t\t\t<\/div>\t\t\t<\/article>\r\n\r\n\t\t\t<article id=\"post-14530\" class=\"grve-blog-item grve-big-post grve-non-isotope-item post-14530 post type-post status-publish format-standard hentry category-uncategorized\" itemscope itemType=\"http:\/\/schema.org\/BlogPosting\">\r\n\t\t\t\t<div class=\"grve-animated-item grve-zoomIn\" data-delay=\"200\">\r\n\t\t\t\t\t\t\t\t\t\t\t\t\t\t\t\t\t<div class=\"grve-post-content\">\r\n\t\t\t\t\t\t\t\t\t\t\t\t\t\t<ul class=\"grve-post-meta grve-small-text grve-list-divider\">\r\n\t\t\t\t\t\t\t\t\t\t<li class=\"grve-post-author\">\r\n\t\t\t<span>By: <\/span><span><a href=\"https:\/\/epiboost.web.ua.pt\/?author=5\" title=\"Posts by Epiboost-admin\" rel=\"author\">Epiboost-admin<\/a><\/span>\r\n\t\t<\/li>\r\n\t\t<li class=\"grve-post-date\">\r\n\t\t\t<time class=\"grve-post-date\" datetime=\"2025-01-03T20:29:17+00:00\">\r\n\t\t\t\tJanuary 3, 2025\t\t\t<\/time>\r\n\t\t<\/li>\r\n\t<li class=\"grve-post-comments\"><a href=\"https:\/\/epiboost.web.ua.pt\/?p=14530#commentform\"><i class=\"fa fa-comment-o\"><\/i> 0<\/a><\/li>\r\n\t\t\t\t\t\t\t<\/ul>\r\n\t\t\t\t\t\t\t\t\t\t\t\t\t\t<a href=\"https:\/\/epiboost.web.ua.pt\/?p=14530\" rel=\"bookmark\"><h2 class=\"grve-post-title grve-text-hover-primary-1 grve-h3\" itemprop=\"headline\">EPIBOOST dissemination<\/h2><\/a>\t\t\t\t\t\t\t\t\t<span class=\"grve-hidden\">\r\n\t\t\t<span class=\"grve-structured-data entry-title\">EPIBOOST dissemination<\/span>\r\n\t\t\t<span class=\"grve-structured-data\" itemprop=\"image\" itemscope itemtype=\"http:\/\/schema.org\/ImageObject\">\r\n\t\t\t   <span itemprop='url' >https:\/\/epiboost.web.ua.pt\/wp-content\/themes\/blade\/images\/empty\/thumbnail.jpg<\/span>\r\n\t\t\t   <span itemprop='height' >150<\/span>\r\n\t\t\t   <span itemprop='width' >150<\/span>\r\n\t\t\t<\/span>\r\n\t\t\t\t\t\t<span class=\"grve-structured-data vcard author\" itemprop=\"author\" itemscope itemtype=\"http:\/\/schema.org\/Person\">\r\n\t\t\t\t<span itemprop=\"name\" class=\"fn\">Epiboost-admin<\/span>\r\n\t\t\t<\/span>\r\n\t\t\t<span class=\"grve-structured-data\" itemprop=\"publisher\" itemscope itemtype=\"http:\/\/schema.org\/Organization\">\r\n\t\t\t\t<span itemprop='name'>Epiboost-admin<\/span>\r\n\t\t\t\t<span itemprop='logo' itemscope itemtype='http:\/\/schema.org\/ImageObject'>\r\n\t\t\t\t\t<span itemprop='url'>https:\/\/secure.gravatar.com\/avatar\/f8427e22a943e0e740828d059cd0612fdda18279146266fd824d3624c4e8c34f?s=96&#038;d=mm&#038;r=g<\/span>\r\n\t\t\t\t<\/span>\r\n\t\t\t<\/span>\r\n\t\t\t\t\t\t<time class=\"grve-structured-data date published\" itemprop=\"datePublished\" datetime=\"2025-01-03T20:29:17+00:00\">January 3, 2025<\/time>\r\n\t\t\t<time class=\"grve-structured-data date updated\" itemprop=\"dateModified\"  datetime=\"2025-01-03T20:29:19+00:00\">January 3, 2025<\/time>\r\n\t\t\t<span class=\"grve-structured-data\" itemprop=\"mainEntityOfPage\" itemscope itemtype=\"http:\/\/schema.org\/WebPage\" itemid=\"https:\/\/epiboost.web.ua.pt\/?p=14530\"><\/span>\r\n\t\t<\/span><!-- END grve-hidden -->\r\n\t\t\t\t\t\t\t\t<div itemprop=\"articleBody\"><p>epiboost was featured internationaly and nationally On the 18th of November 2024, the EPIBOOST coordinator, Joana Lu\u00edsa Pereira, was at the University of Lausanne in Switzerland for a seminar on environmental epigenetics. She participated was&hellip;<\/p><a class=\"grve-read-more grve-link-text\" href=\"https:\/\/epiboost.web.ua.pt\/?p=14530\"><span>read more<\/span><\/a><\/div>\t\t\t\t\t\t\t\t\t\t\t\t\t<\/div>\r\n\t\t\t\t\t\r\n\t\t\t\t<\/div>\t\t\t<\/article>\r\n\r\n\t\t\t<article id=\"post-14341\" class=\"grve-blog-item grve-big-post grve-non-isotope-item post-14341 post type-post status-publish format-standard hentry category-uncategorized\" itemscope itemType=\"http:\/\/schema.org\/BlogPosting\">\r\n\t\t\t\t<div class=\"grve-animated-item grve-zoomIn\" data-delay=\"200\">\r\n\t\t\t\t\t\t\t\t\t\t\t\t\t\t\t\t\t<div class=\"grve-post-content\">\r\n\t\t\t\t\t\t\t\t\t\t\t\t\t\t<ul class=\"grve-post-meta grve-small-text grve-list-divider\">\r\n\t\t\t\t\t\t\t\t\t\t<li class=\"grve-post-author\">\r\n\t\t\t<span>By: <\/span><span><a href=\"https:\/\/epiboost.web.ua.pt\/?author=5\" title=\"Posts by Epiboost-admin\" rel=\"author\">Epiboost-admin<\/a><\/span>\r\n\t\t<\/li>\r\n\t\t<li class=\"grve-post-date\">\r\n\t\t\t<time class=\"grve-post-date\" datetime=\"2024-07-27T10:29:42+00:00\">\r\n\t\t\t\tJuly 27, 2024\t\t\t<\/time>\r\n\t\t<\/li>\r\n\t<li class=\"grve-post-comments\"><a href=\"https:\/\/epiboost.web.ua.pt\/?p=14341#commentform\"><i class=\"fa fa-comment-o\"><\/i> 0<\/a><\/li>\r\n\t\t\t\t\t\t\t<\/ul>\r\n\t\t\t\t\t\t\t\t\t\t\t\t\t\t<a href=\"https:\/\/epiboost.web.ua.pt\/?p=14341\" rel=\"bookmark\"><h2 class=\"grve-post-title grve-text-hover-primary-1 grve-h3\" itemprop=\"headline\">UAVR exchange to CSIC III<\/h2><\/a>\t\t\t\t\t\t\t\t\t<span class=\"grve-hidden\">\r\n\t\t\t<span class=\"grve-structured-data entry-title\">UAVR exchange to CSIC III<\/span>\r\n\t\t\t<span class=\"grve-structured-data\" itemprop=\"image\" itemscope itemtype=\"http:\/\/schema.org\/ImageObject\">\r\n\t\t\t   <span itemprop='url' >https:\/\/epiboost.web.ua.pt\/wp-content\/themes\/blade\/images\/empty\/thumbnail.jpg<\/span>\r\n\t\t\t   <span itemprop='height' >150<\/span>\r\n\t\t\t   <span itemprop='width' >150<\/span>\r\n\t\t\t<\/span>\r\n\t\t\t\t\t\t<span class=\"grve-structured-data vcard author\" itemprop=\"author\" itemscope itemtype=\"http:\/\/schema.org\/Person\">\r\n\t\t\t\t<span itemprop=\"name\" class=\"fn\">Epiboost-admin<\/span>\r\n\t\t\t<\/span>\r\n\t\t\t<span class=\"grve-structured-data\" itemprop=\"publisher\" itemscope itemtype=\"http:\/\/schema.org\/Organization\">\r\n\t\t\t\t<span itemprop='name'>Epiboost-admin<\/span>\r\n\t\t\t\t<span itemprop='logo' itemscope itemtype='http:\/\/schema.org\/ImageObject'>\r\n\t\t\t\t\t<span itemprop='url'>https:\/\/secure.gravatar.com\/avatar\/f8427e22a943e0e740828d059cd0612fdda18279146266fd824d3624c4e8c34f?s=96&#038;d=mm&#038;r=g<\/span>\r\n\t\t\t\t<\/span>\r\n\t\t\t<\/span>\r\n\t\t\t\t\t\t<time class=\"grve-structured-data date published\" itemprop=\"datePublished\" datetime=\"2024-07-27T10:29:42+00:00\">July 27, 2024<\/time>\r\n\t\t\t<time class=\"grve-structured-data date updated\" itemprop=\"dateModified\"  datetime=\"2024-07-27T10:29:44+00:00\">July 27, 2024<\/time>\r\n\t\t\t<span class=\"grve-structured-data\" itemprop=\"mainEntityOfPage\" itemscope itemtype=\"http:\/\/schema.org\/WebPage\" itemid=\"https:\/\/epiboost.web.ua.pt\/?p=14341\"><\/span>\r\n\t\t<\/span><!-- END grve-hidden -->\r\n\t\t\t\t\t\t\t\t<div itemprop=\"articleBody\"><p>And the final exchange of the series where UAVR visited our Advanced partner CSIC (see posts for exchange I and II if you are curious) has come to an end! It happened in the week&hellip;<\/p><a class=\"grve-read-more grve-link-text\" href=\"https:\/\/epiboost.web.ua.pt\/?p=14341\"><span>read more<\/span><\/a><\/div>\t\t\t\t\t\t\t\t\t\t\t\t\t<\/div>\r\n\t\t\t\t\t\r\n\t\t\t\t<\/div>\t\t\t<\/article>\r\n\r\n\t\t\t<article id=\"post-14284\" class=\"grve-blog-item grve-big-post grve-non-isotope-item post-14284 post type-post status-publish format-standard hentry category-uncategorized\" itemscope itemType=\"http:\/\/schema.org\/BlogPosting\">\r\n\t\t\t\t<div class=\"grve-animated-item grve-zoomIn\" data-delay=\"200\">\r\n\t\t\t\t\t\t\t\t\t\t\t\t\t\t\t\t\t<div class=\"grve-post-content\">\r\n\t\t\t\t\t\t\t\t\t\t\t\t\t\t<ul class=\"grve-post-meta grve-small-text grve-list-divider\">\r\n\t\t\t\t\t\t\t\t\t\t<li class=\"grve-post-author\">\r\n\t\t\t<span>By: <\/span><span><a href=\"https:\/\/epiboost.web.ua.pt\/?author=5\" title=\"Posts by Epiboost-admin\" rel=\"author\">Epiboost-admin<\/a><\/span>\r\n\t\t<\/li>\r\n\t\t<li class=\"grve-post-date\">\r\n\t\t\t<time class=\"grve-post-date\" datetime=\"2024-07-21T10:22:20+00:00\">\r\n\t\t\t\tJuly 21, 2024\t\t\t<\/time>\r\n\t\t<\/li>\r\n\t<li class=\"grve-post-comments\"><a href=\"https:\/\/epiboost.web.ua.pt\/?p=14284#commentform\"><i class=\"fa fa-comment-o\"><\/i> 0<\/a><\/li>\r\n\t\t\t\t\t\t\t<\/ul>\r\n\t\t\t\t\t\t\t\t\t\t\t\t\t\t<a href=\"https:\/\/epiboost.web.ua.pt\/?p=14284\" rel=\"bookmark\"><h2 class=\"grve-post-title grve-text-hover-primary-1 grve-h3\" itemprop=\"headline\">UAVR exchange to CSIC II<\/h2><\/a>\t\t\t\t\t\t\t\t\t<span class=\"grve-hidden\">\r\n\t\t\t<span class=\"grve-structured-data entry-title\">UAVR exchange to CSIC II<\/span>\r\n\t\t\t<span class=\"grve-structured-data\" itemprop=\"image\" itemscope itemtype=\"http:\/\/schema.org\/ImageObject\">\r\n\t\t\t   <span itemprop='url' >https:\/\/epiboost.web.ua.pt\/wp-content\/themes\/blade\/images\/empty\/thumbnail.jpg<\/span>\r\n\t\t\t   <span itemprop='height' >150<\/span>\r\n\t\t\t   <span itemprop='width' >150<\/span>\r\n\t\t\t<\/span>\r\n\t\t\t\t\t\t<span class=\"grve-structured-data vcard author\" itemprop=\"author\" itemscope itemtype=\"http:\/\/schema.org\/Person\">\r\n\t\t\t\t<span itemprop=\"name\" class=\"fn\">Epiboost-admin<\/span>\r\n\t\t\t<\/span>\r\n\t\t\t<span class=\"grve-structured-data\" itemprop=\"publisher\" itemscope itemtype=\"http:\/\/schema.org\/Organization\">\r\n\t\t\t\t<span itemprop='name'>Epiboost-admin<\/span>\r\n\t\t\t\t<span itemprop='logo' itemscope itemtype='http:\/\/schema.org\/ImageObject'>\r\n\t\t\t\t\t<span itemprop='url'>https:\/\/secure.gravatar.com\/avatar\/f8427e22a943e0e740828d059cd0612fdda18279146266fd824d3624c4e8c34f?s=96&#038;d=mm&#038;r=g<\/span>\r\n\t\t\t\t<\/span>\r\n\t\t\t<\/span>\r\n\t\t\t\t\t\t<time class=\"grve-structured-data date published\" itemprop=\"datePublished\" datetime=\"2024-07-21T10:22:20+00:00\">July 21, 2024<\/time>\r\n\t\t\t<time class=\"grve-structured-data date updated\" itemprop=\"dateModified\"  datetime=\"2024-07-21T10:22:26+00:00\">July 21, 2024<\/time>\r\n\t\t\t<span class=\"grve-structured-data\" itemprop=\"mainEntityOfPage\" itemscope itemtype=\"http:\/\/schema.org\/WebPage\" itemid=\"https:\/\/epiboost.web.ua.pt\/?p=14284\"><\/span>\r\n\t\t<\/span><!-- END grve-hidden -->\r\n\t\t\t\t\t\t\t\t<div itemprop=\"articleBody\"><p>The exchanges from UAVR to our Advanced partner CSIC continue! A second week (see the previous post for the first) happened from the 15th to the 19th of July 2024, dedicated to the work with&hellip;<\/p><a class=\"grve-read-more grve-link-text\" href=\"https:\/\/epiboost.web.ua.pt\/?p=14284\"><span>read more<\/span><\/a><\/div>\t\t\t\t\t\t\t\t\t\t\t\t\t<\/div>\r\n\t\t\t\t\t\r\n\t\t\t\t<\/div>\t\t\t<\/article>\r\n\r\n\t\t\t<\/div>\r\n<div class=\"grve-pagination grve-link-text\"><ul class='page-numbers'>\n\t<li><span aria-current=\"page\" class=\"page-numbers current\">1<\/span><\/li>\n\t<li><a class=\"page-numbers\" href=\"https:\/\/epiboost.web.ua.pt\/index.php?rest_route=%2Fwp%2Fv2%2Fpages%2F6452&#038;paged=2\">2<\/a><\/li>\n\t<li><a class=\"page-numbers\" href=\"https:\/\/epiboost.web.ua.pt\/index.php?rest_route=%2Fwp%2Fv2%2Fpages%2F6452&#038;paged=3\">3<\/a><\/li>\n\t<li><span class=\"page-numbers dots\">&hellip;<\/span><\/li>\n\t<li><a class=\"page-numbers\" href=\"https:\/\/epiboost.web.ua.pt\/index.php?rest_route=%2Fwp%2Fv2%2Fpages%2F6452&#038;paged=5\">5<\/a><\/li>\n\t<li><a class=\"next page-numbers\" href=\"https:\/\/epiboost.web.ua.pt\/index.php?rest_route=%2Fwp%2Fv2%2Fpages%2F6452&#038;paged=2\"><i class=\"grve-icon-arrow-right\"><\/i><\/a><\/li>\n<\/ul>\n<\/div>\t\t<\/div>\r\n[\/vc_column][\/vc_row]<\/p>\n","protected":false},"excerpt":{"rendered":"<p>[vc_row][vc_column][\/vc_column][\/vc_row]<\/p>\n","protected":false},"author":3,"featured_media":0,"parent":0,"menu_order":0,"comment_status":"closed","ping_status":"closed","template":"","meta":{"footnotes":""},"class_list":["post-6452","page","type-page","status-publish","hentry"],"_links":{"self":[{"href":"https:\/\/epiboost.web.ua.pt\/index.php?rest_route=\/wp\/v2\/pages\/6452","targetHints":{"allow":["GET"]}}],"collection":[{"href":"https:\/\/epiboost.web.ua.pt\/index.php?rest_route=\/wp\/v2\/pages"}],"about":[{"href":"https:\/\/epiboost.web.ua.pt\/index.php?rest_route=\/wp\/v2\/types\/page"}],"author":[{"embeddable":true,"href":"https:\/\/epiboost.web.ua.pt\/index.php?rest_route=\/wp\/v2\/users\/3"}],"replies":[{"embeddable":true,"href":"https:\/\/epiboost.web.ua.pt\/index.php?rest_route=%2Fwp%2Fv2%2Fcomments&post=6452"}],"version-history":[{"count":6,"href":"https:\/\/epiboost.web.ua.pt\/index.php?rest_route=\/wp\/v2\/pages\/6452\/revisions"}],"predecessor-version":[{"id":12510,"href":"https:\/\/epiboost.web.ua.pt\/index.php?rest_route=\/wp\/v2\/pages\/6452\/revisions\/12510"}],"wp:attachment":[{"href":"https:\/\/epiboost.web.ua.pt\/index.php?rest_route=%2Fwp%2Fv2%2Fmedia&parent=6452"}],"curies":[{"name":"wp","href":"https:\/\/api.w.org\/{rel}","templated":true}]}}